{"id":898,"date":"2025-02-11T14:05:01","date_gmt":"2025-02-11T14:05:01","guid":{"rendered":"https:\/\/salonpositiff.com\/?page_id=898"},"modified":"2025-12-14T18:35:29","modified_gmt":"2025-12-14T18:35:29","slug":"galerie","status":"publish","type":"page","link":"https:\/\/salonpositiff.com\/?page_id=898","title":{"rendered":"Galerie"},"content":{"rendered":"\t\t<div data-elementor-type=\"wp-page\" data-elementor-id=\"898\" class=\"elementor elementor-898\">\n\t\t\t\t<div class=\"elementor-element elementor-element-0a924a8 e-con-full e-flex wpr-particle-no wpr-jarallax-no wpr-parallax-no wpr-sticky-section-no e-con e-parent\" data-id=\"0a924a8\" data-element_type=\"container\" data-settings=\"{&quot;background_background&quot;:&quot;classic&quot;}\">\n\t\t<div class=\"elementor-element elementor-element-12b8fcc e-con-full e-flex wpr-particle-no wpr-jarallax-no wpr-parallax-no wpr-sticky-section-no e-con e-child\" data-id=\"12b8fcc\" data-element_type=\"container\" data-settings=\"{&quot;background_background&quot;:&quot;classic&quot;}\">\n\t\t\t\t<div class=\"elementor-element elementor-element-610578b elementor-widget-mobile__width-initial elementor-widget elementor-widget-heading\" data-id=\"610578b\" data-element_type=\"widget\" data-widget_type=\"heading.default\">\n\t\t\t\t<div class=\"elementor-widget-container\">\n\t\t\t\t\t<h2 class=\"elementor-heading-title elementor-size-default\">Un aper\u00e7u<\/h2>\t\t\t\t<\/div>\n\t\t\t\t<\/div>\n\t\t\t\t<\/div>\n\t\t\t\t<\/div>\n\t\t<div class=\"elementor-element elementor-element-317563e8 e-flex e-con-boxed wpr-particle-no wpr-jarallax-no wpr-parallax-no wpr-sticky-section-no e-con e-parent\" data-id=\"317563e8\" data-element_type=\"container\" data-settings=\"{&quot;background_background&quot;:&quot;classic&quot;}\">\n\t\t\t\t\t<div class=\"e-con-inner\">\n\t\t<div class=\"elementor-element elementor-element-019741d e-con-full e-flex wpr-particle-no wpr-jarallax-no wpr-parallax-no wpr-sticky-section-no e-con e-child\" data-id=\"019741d\" data-element_type=\"container\">\n\t\t\t\t<div class=\"elementor-element elementor-element-08f1234 elementor-widget elementor-widget-heading\" data-id=\"08f1234\" data-element_type=\"widget\" data-widget_type=\"heading.default\">\n\t\t\t\t<div class=\"elementor-widget-container\">\n\t\t\t\t\t<h2 class=\"elementor-heading-title elementor-size-default\">D\u00e9couvrez nos r\u00e9alisations.<\/h2>\t\t\t\t<\/div>\n\t\t\t\t<\/div>\n\t\t\t\t<\/div>\n\t\t<div class=\"elementor-element elementor-element-eb02e4c e-con-full e-flex wpr-particle-no wpr-jarallax-no wpr-parallax-no wpr-sticky-section-no e-con e-child\" data-id=\"eb02e4c\" data-element_type=\"container\">\n\t\t\t\t<div class=\"elementor-element elementor-element-57f8227 gallery-spacing-custom elementor-widget elementor-widget-image-gallery\" data-id=\"57f8227\" data-element_type=\"widget\" data-widget_type=\"image-gallery.default\">\n\t\t\t\t<div class=\"elementor-widget-container\">\n\t\t\t\t\t\t\t<div class=\"elementor-image-gallery\">\n\t\t\t<div id='gallery-1' class='gallery galleryid-898 gallery-columns-2 gallery-size-full'><figure class='gallery-item'>\n\t\t\t<div class='gallery-icon landscape'>\n\t\t\t\t<a data-elementor-open-lightbox=\"yes\" data-elementor-lightbox-slideshow=\"57f8227\" data-elementor-lightbox-title=\"7 (2)\" data-e-action-hash=\"#elementor-action%3Aaction%3Dlightbox%26settings%3DeyJpZCI6ODQ1LCJ1cmwiOiJodHRwczpcL1wvc2Fsb25wb3NpdGlmZi5jb21cL3dwLWNvbnRlbnRcL3VwbG9hZHNcLzIwMjVcLzAyXC83LTItc2NhbGVkLndlYnAiLCJzbGlkZXNob3ciOiI1N2Y4MjI3In0%3D\" href='https:\/\/salonpositiff.com\/wp-content\/uploads\/2025\/02\/7-2-scaled.webp'><img fetchpriority=\"high\" decoding=\"async\" width=\"2560\" height=\"2560\" src=\"https:\/\/salonpositiff.com\/wp-content\/uploads\/2025\/02\/7-2-scaled.webp\" class=\"attachment-full size-full\" alt=\"\" srcset=\"https:\/\/salonpositiff.com\/wp-content\/uploads\/2025\/02\/7-2-scaled.webp 2560w, https:\/\/salonpositiff.com\/wp-content\/uploads\/2025\/02\/7-2-300x300.webp 300w, https:\/\/salonpositiff.com\/wp-content\/uploads\/2025\/02\/7-2-1024x1024.webp 1024w, https:\/\/salonpositiff.com\/wp-content\/uploads\/2025\/02\/7-2-150x150.webp 150w, https:\/\/salonpositiff.com\/wp-content\/uploads\/2025\/02\/7-2-768x768.webp 768w, https:\/\/salonpositiff.com\/wp-content\/uploads\/2025\/02\/7-2-1536x1536.webp 1536w, https:\/\/salonpositiff.com\/wp-content\/uploads\/2025\/02\/7-2-2048x2048.webp 2048w\" sizes=\"(max-width: 2560px) 100vw, 2560px\" \/><\/a>\n\t\t\t<\/div><\/figure><figure class='gallery-item'>\n\t\t\t<div class='gallery-icon landscape'>\n\t\t\t\t<a data-elementor-open-lightbox=\"yes\" data-elementor-lightbox-slideshow=\"57f8227\" data-elementor-lightbox-title=\"8\" data-e-action-hash=\"#elementor-action%3Aaction%3Dlightbox%26settings%3DeyJpZCI6ODQ2LCJ1cmwiOiJodHRwczpcL1wvc2Fsb25wb3NpdGlmZi5jb21cL3dwLWNvbnRlbnRcL3VwbG9hZHNcLzIwMjVcLzAyXC84LXNjYWxlZC53ZWJwIiwic2xpZGVzaG93IjoiNTdmODIyNyJ9\" href='https:\/\/salonpositiff.com\/wp-content\/uploads\/2025\/02\/8-scaled.webp'><img decoding=\"async\" width=\"2560\" height=\"2560\" src=\"https:\/\/salonpositiff.com\/wp-content\/uploads\/2025\/02\/8-scaled.webp\" class=\"attachment-full size-full\" alt=\"\" srcset=\"https:\/\/salonpositiff.com\/wp-content\/uploads\/2025\/02\/8-scaled.webp 2560w, https:\/\/salonpositiff.com\/wp-content\/uploads\/2025\/02\/8-300x300.webp 300w, https:\/\/salonpositiff.com\/wp-content\/uploads\/2025\/02\/8-1024x1024.webp 1024w, https:\/\/salonpositiff.com\/wp-content\/uploads\/2025\/02\/8-150x150.webp 150w, https:\/\/salonpositiff.com\/wp-content\/uploads\/2025\/02\/8-768x768.webp 768w, https:\/\/salonpositiff.com\/wp-content\/uploads\/2025\/02\/8-1536x1536.webp 1536w, https:\/\/salonpositiff.com\/wp-content\/uploads\/2025\/02\/8-2048x2048.webp 2048w\" sizes=\"(max-width: 2560px) 100vw, 2560px\" \/><\/a>\n\t\t\t<\/div><\/figure><figure class='gallery-item'>\n\t\t\t<div class='gallery-icon landscape'>\n\t\t\t\t<a data-elementor-open-lightbox=\"yes\" data-elementor-lightbox-slideshow=\"57f8227\" data-elementor-lightbox-title=\"9\" data-e-action-hash=\"#elementor-action%3Aaction%3Dlightbox%26settings%3DeyJpZCI6ODQ3LCJ1cmwiOiJodHRwczpcL1wvc2Fsb25wb3NpdGlmZi5jb21cL3dwLWNvbnRlbnRcL3VwbG9hZHNcLzIwMjVcLzAyXC85LXNjYWxlZC53ZWJwIiwic2xpZGVzaG93IjoiNTdmODIyNyJ9\" href='https:\/\/salonpositiff.com\/wp-content\/uploads\/2025\/02\/9-scaled.webp'><img decoding=\"async\" width=\"2560\" height=\"2560\" src=\"https:\/\/salonpositiff.com\/wp-content\/uploads\/2025\/02\/9-scaled.webp\" class=\"attachment-full size-full\" alt=\"\" srcset=\"https:\/\/salonpositiff.com\/wp-content\/uploads\/2025\/02\/9-scaled.webp 2560w, https:\/\/salonpositiff.com\/wp-content\/uploads\/2025\/02\/9-300x300.webp 300w, https:\/\/salonpositiff.com\/wp-content\/uploads\/2025\/02\/9-1024x1024.webp 1024w, https:\/\/salonpositiff.com\/wp-content\/uploads\/2025\/02\/9-150x150.webp 150w, https:\/\/salonpositiff.com\/wp-content\/uploads\/2025\/02\/9-768x768.webp 768w, https:\/\/salonpositiff.com\/wp-content\/uploads\/2025\/02\/9-1536x1536.webp 1536w, https:\/\/salonpositiff.com\/wp-content\/uploads\/2025\/02\/9-2048x2048.webp 2048w\" sizes=\"(max-width: 2560px) 100vw, 2560px\" \/><\/a>\n\t\t\t<\/div><\/figure><figure class='gallery-item'>\n\t\t\t<div class='gallery-icon landscape'>\n\t\t\t\t<a data-elementor-open-lightbox=\"yes\" data-elementor-lightbox-slideshow=\"57f8227\" data-elementor-lightbox-title=\"10\" data-e-action-hash=\"#elementor-action%3Aaction%3Dlightbox%26settings%3DeyJpZCI6ODQ4LCJ1cmwiOiJodHRwczpcL1wvc2Fsb25wb3NpdGlmZi5jb21cL3dwLWNvbnRlbnRcL3VwbG9hZHNcLzIwMjVcLzAyXC8xMC1zY2FsZWQud2VicCIsInNsaWRlc2hvdyI6IjU3ZjgyMjcifQ%3D%3D\" href='https:\/\/salonpositiff.com\/wp-content\/uploads\/2025\/02\/10-scaled.webp'><img loading=\"lazy\" decoding=\"async\" width=\"2560\" height=\"2560\" src=\"https:\/\/salonpositiff.com\/wp-content\/uploads\/2025\/02\/10-scaled.webp\" class=\"attachment-full size-full\" alt=\"\" srcset=\"https:\/\/salonpositiff.com\/wp-content\/uploads\/2025\/02\/10-scaled.webp 2560w, https:\/\/salonpositiff.com\/wp-content\/uploads\/2025\/02\/10-300x300.webp 300w, https:\/\/salonpositiff.com\/wp-content\/uploads\/2025\/02\/10-1024x1024.webp 1024w, https:\/\/salonpositiff.com\/wp-content\/uploads\/2025\/02\/10-150x150.webp 150w, https:\/\/salonpositiff.com\/wp-content\/uploads\/2025\/02\/10-768x768.webp 768w, https:\/\/salonpositiff.com\/wp-content\/uploads\/2025\/02\/10-1536x1536.webp 1536w, https:\/\/salonpositiff.com\/wp-content\/uploads\/2025\/02\/10-2048x2048.webp 2048w\" sizes=\"(max-width: 2560px) 100vw, 2560px\" \/><\/a>\n\t\t\t<\/div><\/figure><figure class='gallery-item'>\n\t\t\t<div class='gallery-icon landscape'>\n\t\t\t\t<a data-elementor-open-lightbox=\"yes\" data-elementor-lightbox-slideshow=\"57f8227\" data-elementor-lightbox-title=\"11\" data-e-action-hash=\"#elementor-action%3Aaction%3Dlightbox%26settings%3DeyJpZCI6ODQ5LCJ1cmwiOiJodHRwczpcL1wvc2Fsb25wb3NpdGlmZi5jb21cL3dwLWNvbnRlbnRcL3VwbG9hZHNcLzIwMjVcLzAyXC8xMS1zY2FsZWQud2VicCIsInNsaWRlc2hvdyI6IjU3ZjgyMjcifQ%3D%3D\" href='https:\/\/salonpositiff.com\/wp-content\/uploads\/2025\/02\/11-scaled.webp'><img loading=\"lazy\" decoding=\"async\" width=\"2560\" height=\"2560\" src=\"https:\/\/salonpositiff.com\/wp-content\/uploads\/2025\/02\/11-scaled.webp\" class=\"attachment-full size-full\" alt=\"\" srcset=\"https:\/\/salonpositiff.com\/wp-content\/uploads\/2025\/02\/11-scaled.webp 2560w, https:\/\/salonpositiff.com\/wp-content\/uploads\/2025\/02\/11-300x300.webp 300w, https:\/\/salonpositiff.com\/wp-content\/uploads\/2025\/02\/11-1024x1024.webp 1024w, https:\/\/salonpositiff.com\/wp-content\/uploads\/2025\/02\/11-150x150.webp 150w, https:\/\/salonpositiff.com\/wp-content\/uploads\/2025\/02\/11-768x768.webp 768w, https:\/\/salonpositiff.com\/wp-content\/uploads\/2025\/02\/11-1536x1536.webp 1536w, https:\/\/salonpositiff.com\/wp-content\/uploads\/2025\/02\/11-2048x2048.webp 2048w\" sizes=\"(max-width: 2560px) 100vw, 2560px\" \/><\/a>\n\t\t\t<\/div><\/figure><figure class='gallery-item'>\n\t\t\t<div class='gallery-icon landscape'>\n\t\t\t\t<a data-elementor-open-lightbox=\"yes\" data-elementor-lightbox-slideshow=\"57f8227\" data-elementor-lightbox-title=\"12 (1)\" data-e-action-hash=\"#elementor-action%3Aaction%3Dlightbox%26settings%3DeyJpZCI6ODUwLCJ1cmwiOiJodHRwczpcL1wvc2Fsb25wb3NpdGlmZi5jb21cL3dwLWNvbnRlbnRcL3VwbG9hZHNcLzIwMjVcLzAyXC8xMi0xLXNjYWxlZC53ZWJwIiwic2xpZGVzaG93IjoiNTdmODIyNyJ9\" href='https:\/\/salonpositiff.com\/wp-content\/uploads\/2025\/02\/12-1-scaled.webp'><img loading=\"lazy\" decoding=\"async\" width=\"2560\" height=\"2560\" src=\"https:\/\/salonpositiff.com\/wp-content\/uploads\/2025\/02\/12-1-scaled.webp\" class=\"attachment-full size-full\" alt=\"\" srcset=\"https:\/\/salonpositiff.com\/wp-content\/uploads\/2025\/02\/12-1-scaled.webp 2560w, https:\/\/salonpositiff.com\/wp-content\/uploads\/2025\/02\/12-1-300x300.webp 300w, https:\/\/salonpositiff.com\/wp-content\/uploads\/2025\/02\/12-1-1024x1024.webp 1024w, https:\/\/salonpositiff.com\/wp-content\/uploads\/2025\/02\/12-1-150x150.webp 150w, https:\/\/salonpositiff.com\/wp-content\/uploads\/2025\/02\/12-1-768x768.webp 768w, https:\/\/salonpositiff.com\/wp-content\/uploads\/2025\/02\/12-1-1536x1536.webp 1536w, https:\/\/salonpositiff.com\/wp-content\/uploads\/2025\/02\/12-1-2048x2048.webp 2048w\" sizes=\"(max-width: 2560px) 100vw, 2560px\" \/><\/a>\n\t\t\t<\/div><\/figure>\n\t\t<\/div>\n\t\t<\/div>\n\t\t\t\t\t\t<\/div>\n\t\t\t\t<\/div>\n\t\t\t\t<\/div>\n\t\t\t\t\t<\/div>\n\t\t\t\t<\/div>\n\t\t<div class=\"elementor-element elementor-element-bca5695 e-flex e-con-boxed wpr-particle-no wpr-jarallax-no wpr-parallax-no wpr-sticky-section-no e-con e-parent\" data-id=\"bca5695\" data-element_type=\"container\">\n\t\t\t\t\t<div class=\"e-con-inner\">\n\t\t<div class=\"elementor-element elementor-element-62404a6 e-con-full e-flex wpr-particle-no wpr-jarallax-no wpr-parallax-no wpr-sticky-section-no e-con e-child\" data-id=\"62404a6\" data-element_type=\"container\">\n\t\t<div class=\"elementor-element elementor-element-50ddbd3 e-con-full e-flex wpr-particle-no wpr-jarallax-no wpr-parallax-no wpr-sticky-section-no e-con e-child\" data-id=\"50ddbd3\" data-element_type=\"container\" data-settings=\"{&quot;background_background&quot;:&quot;classic&quot;}\">\n\t\t<div class=\"elementor-element elementor-element-1b37545 e-con-full e-flex wpr-particle-no wpr-jarallax-no wpr-parallax-no wpr-sticky-section-no e-con e-child\" data-id=\"1b37545\" data-element_type=\"container\">\n\t\t\t\t<div class=\"elementor-element elementor-element-8f3bb78 elementor-widget elementor-widget-heading\" data-id=\"8f3bb78\" data-element_type=\"widget\" data-widget_type=\"heading.default\">\n\t\t\t\t<div class=\"elementor-widget-container\">\n\t\t\t\t\t<h2 class=\"elementor-heading-title elementor-size-default\">Nouveau chez nous ?<\/h2>\t\t\t\t<\/div>\n\t\t\t\t<\/div>\n\t\t\t\t<div class=\"elementor-element elementor-element-5c79a19 elementor-widget elementor-widget-text-editor\" data-id=\"5c79a19\" data-element_type=\"widget\" data-widget_type=\"text-editor.default\">\n\t\t\t\t<div class=\"elementor-widget-container\">\n\t\t\t\t\t\t\t\t\t<div id=\"brave_element--OHlht_SRyy7oYBib5qR\" class=\"brave_element brave_element--text \"><div class=\"brave_element__wrap \"><div class=\"brave_element__styler \"><div class=\"brave_element__inner\"><div class=\"brave_element__text_inner\"><p class=\"p1\">Recevez jusqu\u2019\u00e0 <span class=\"s1\"><b>10 % de remise<\/b><\/span> sur vos 3 premi\u00e8res visites.<\/p><\/div><\/div><\/div><\/div><\/div><div id=\"brave_element--OHlht_SRyy7oYBib5qT\" class=\"brave_element brave_element--button brave_element--has-click-action\"><div class=\"brave_element__wrap\"><div class=\"brave_element__inner\"><div class=\"brave_element__styler\"><div class=\"brave_element__button_text\">\u00a0<\/div><\/div><\/div><\/div><\/div><div id=\"brave_element--OHlkFuXdiS0CgEtgD5r\" class=\"brave_element brave_element--text \"><div class=\"brave_element__wrap \"><div class=\"brave_element__styler \"><div class=\"brave_element__inner\"><div class=\"brave_element__text_inner\"><p class=\"p1\"><span class=\"s1\">\ud83c\udf81 <\/span><b>1re visite : -3 %<\/b><b><\/b><\/p><p class=\"p1\"><span class=\"s1\">\ud83c\udf81 <\/span><b>2e visite : -5 %<\/b><b><\/b><\/p><p class=\"p1\"><span class=\"s1\">\ud83c\udf81 <\/span><b>3e visite : -10 %<\/b><\/p><\/div><\/div><\/div><\/div><\/div>\t\t\t\t\t\t\t\t<\/div>\n\t\t\t\t<\/div>\n\t\t\t\t<div class=\"elementor-element elementor-element-4c42533 elementor-widget elementor-widget-button\" data-id=\"4c42533\" data-element_type=\"widget\" data-widget_type=\"button.default\">\n\t\t\t\t<div class=\"elementor-widget-container\">\n\t\t\t\t\t\t\t\t\t<div class=\"elementor-button-wrapper\">\n\t\t\t\t\t<a class=\"elementor-button elementor-button-link elementor-size-sm\" href=\"tel:0389620480\">\n\t\t\t\t\t\t<span class=\"elementor-button-content-wrapper\">\n\t\t\t\t\t\t\t\t\t<span class=\"elementor-button-text\">Prenez rendez-vous d\u00e8s maintenant<\/span>\n\t\t\t\t\t<\/span>\n\t\t\t\t\t<\/a>\n\t\t\t\t<\/div>\n\t\t\t\t\t\t\t\t<\/div>\n\t\t\t\t<\/div>\n\t\t\t\t<\/div>\n\t\t\t\t<\/div>\n\t\t\t\t<\/div>\n\t\t\t\t\t<\/div>\n\t\t\t\t<\/div>\n\t\t\t\t<\/div>\n\t\t","protected":false},"excerpt":{"rendered":"<p>Un aper\u00e7u D\u00e9couvrez nos r\u00e9alisations. Nouveau chez nous ? Recevez jusqu\u2019\u00e0 10 % de remise sur vos 3 premi\u00e8res visites. \u00a0 \ud83c\udf81 1re visite : -3 % \ud83c\udf81 2e visite : -5 % \ud83c\udf81 3e visite : -10 % Prenez rendez-vous d\u00e8s maintenant<\/p>\n","protected":false},"author":1,"featured_media":0,"parent":0,"menu_order":0,"comment_status":"closed","ping_status":"closed","template":"","meta":{"site-sidebar-layout":"no-sidebar","site-content-layout":"","ast-site-content-layout":"full-width-container","site-content-style":"default","site-sidebar-style":"default","ast-global-header-display":"","ast-banner-title-visibility":"","ast-main-header-display":"","ast-hfb-above-header-display":"","ast-hfb-below-header-display":"","ast-hfb-mobile-header-display":"","site-post-title":"disabled","ast-breadcrumbs-content":"","ast-featured-img":"disabled","footer-sml-layout":"","theme-transparent-header-meta":"","adv-header-id-meta":"","stick-header-meta":"","header-above-stick-meta":"","header-main-stick-meta":"","header-below-stick-meta":"","astra-migrate-meta-layouts":"default","ast-page-background-enabled":"default","ast-page-background-meta":{"desktop":{"background-color":"var(--ast-global-color-5)","background-image":"","background-repeat":"repeat","background-position":"center center","background-size":"auto","background-attachment":"scroll","background-type":"","background-media":"","overlay-type":"","overlay-color":"","overlay-opacity":"","overlay-gradient":""},"tablet":{"background-color":"","background-image":"","background-repeat":"repeat","background-position":"center center","background-size":"auto","background-attachment":"scroll","background-type":"","background-media":"","overlay-type":"","overlay-color":"","overlay-opacity":"","overlay-gradient":""},"mobile":{"background-color":"","background-image":"","background-repeat":"repeat","background-position":"center center","background-size":"auto","background-attachment":"scroll","background-type":"","background-media":"","overlay-type":"","overlay-color":"","overlay-opacity":"","overlay-gradient":""}},"ast-content-background-meta":{"desktop":{"background-color":"var(--ast-global-color-4)","background-image":"","background-repeat":"repeat","background-position":"center center","background-size":"auto","background-attachment":"scroll","background-type":"","background-media":"","overlay-type":"","overlay-color":"","overlay-opacity":"","overlay-gradient":""},"tablet":{"background-color":"var(--ast-global-color-4)","background-image":"","background-repeat":"repeat","background-position":"center center","background-size":"auto","background-attachment":"scroll","background-type":"","background-media":"","overlay-type":"","overlay-color":"","overlay-opacity":"","overlay-gradient":""},"mobile":{"background-color":"var(--ast-global-color-4)","background-image":"","background-repeat":"repeat","background-position":"center center","background-size":"auto","background-attachment":"scroll","background-type":"","background-media":"","overlay-type":"","overlay-color":"","overlay-opacity":"","overlay-gradient":""}},"footnotes":""},"class_list":["post-898","page","type-page","status-publish","hentry"],"yoast_head":"<!-- This site is optimized with the Yoast SEO plugin v25.2 - https:\/\/yoast.com\/wordpress\/plugins\/seo\/ -->\n<title>Galerie - salonpositiff.com<\/title>\n<meta name=\"robots\" content=\"index, follow, max-snippet:-1, max-image-preview:large, max-video-preview:-1\" \/>\n<link rel=\"canonical\" href=\"https:\/\/salonpositiff.com\/?page_id=898\" \/>\n<meta property=\"og:locale\" content=\"fr_FR\" \/>\n<meta property=\"og:type\" content=\"article\" \/>\n<meta property=\"og:title\" content=\"Galerie - salonpositiff.com\" \/>\n<meta property=\"og:description\" content=\"Un aper\u00e7u D\u00e9couvrez nos r\u00e9alisations. Nouveau chez nous ? Recevez jusqu\u2019\u00e0 10 % de remise sur vos 3 premi\u00e8res visites. \u00a0 \ud83c\udf81 1re visite : -3 % \ud83c\udf81 2e visite : -5 % \ud83c\udf81 3e visite : -10 % Prenez rendez-vous d\u00e8s maintenant\" \/>\n<meta property=\"og:url\" content=\"https:\/\/salonpositiff.com\/?page_id=898\" \/>\n<meta property=\"og:site_name\" content=\"salonpositiff.com\" \/>\n<meta property=\"article:publisher\" content=\"https:\/\/www.facebook.com\/profile.php?id=61567445685902\" \/>\n<meta property=\"article:modified_time\" content=\"2025-12-14T18:35:29+00:00\" \/>\n<meta property=\"og:image\" content=\"https:\/\/salonpositiff.com\/wp-content\/uploads\/2025\/02\/7-2-scaled.webp\" \/>\n<meta name=\"twitter:card\" content=\"summary_large_image\" \/>\n<meta name=\"twitter:label1\" content=\"Dur\u00e9e de lecture estim\u00e9e\" \/>\n\t<meta name=\"twitter:data1\" content=\"2 minutes\" \/>\n<script type=\"application\/ld+json\" class=\"yoast-schema-graph\">{\"@context\":\"https:\/\/schema.org\",\"@graph\":[{\"@type\":\"WebPage\",\"@id\":\"https:\/\/salonpositiff.com\/?page_id=898\",\"url\":\"https:\/\/salonpositiff.com\/?page_id=898\",\"name\":\"Galerie - salonpositiff.com\",\"isPartOf\":{\"@id\":\"https:\/\/salonpositiff.com\/#website\"},\"primaryImageOfPage\":{\"@id\":\"https:\/\/salonpositiff.com\/?page_id=898#primaryimage\"},\"image\":{\"@id\":\"https:\/\/salonpositiff.com\/?page_id=898#primaryimage\"},\"thumbnailUrl\":\"https:\/\/salonpositiff.com\/wp-content\/uploads\/2025\/02\/7-2-scaled.webp\",\"datePublished\":\"2025-02-11T14:05:01+00:00\",\"dateModified\":\"2025-12-14T18:35:29+00:00\",\"breadcrumb\":{\"@id\":\"https:\/\/salonpositiff.com\/?page_id=898#breadcrumb\"},\"inLanguage\":\"fr-FR\",\"potentialAction\":[{\"@type\":\"ReadAction\",\"target\":[\"https:\/\/salonpositiff.com\/?page_id=898\"]}]},{\"@type\":\"ImageObject\",\"inLanguage\":\"fr-FR\",\"@id\":\"https:\/\/salonpositiff.com\/?page_id=898#primaryimage\",\"url\":\"https:\/\/salonpositiff.com\/wp-content\/uploads\/2025\/02\/7-2-scaled.webp\",\"contentUrl\":\"https:\/\/salonpositiff.com\/wp-content\/uploads\/2025\/02\/7-2-scaled.webp\"},{\"@type\":\"BreadcrumbList\",\"@id\":\"https:\/\/salonpositiff.com\/?page_id=898#breadcrumb\",\"itemListElement\":[{\"@type\":\"ListItem\",\"position\":1,\"name\":\"Accueil\",\"item\":\"https:\/\/salonpositiff.com\/\"},{\"@type\":\"ListItem\",\"position\":2,\"name\":\"Galerie\"}]},{\"@type\":\"WebSite\",\"@id\":\"https:\/\/salonpositiff.com\/#website\",\"url\":\"https:\/\/salonpositiff.com\/\",\"name\":\"salonpositiff.com\",\"description\":\"\",\"publisher\":{\"@id\":\"https:\/\/salonpositiff.com\/#organization\"},\"potentialAction\":[{\"@type\":\"SearchAction\",\"target\":{\"@type\":\"EntryPoint\",\"urlTemplate\":\"https:\/\/salonpositiff.com\/?s={search_term_string}\"},\"query-input\":{\"@type\":\"PropertyValueSpecification\",\"valueRequired\":true,\"valueName\":\"search_term_string\"}}],\"inLanguage\":\"fr-FR\"},{\"@type\":\"Organization\",\"@id\":\"https:\/\/salonpositiff.com\/#organization\",\"name\":\"salonpositiff.com\",\"url\":\"https:\/\/salonpositiff.com\/\",\"logo\":{\"@type\":\"ImageObject\",\"inLanguage\":\"fr-FR\",\"@id\":\"https:\/\/salonpositiff.com\/#\/schema\/logo\/image\/\",\"url\":\"https:\/\/salonpositiff.com\/wp-content\/uploads\/2025\/02\/Salon-Positiff-logo.png\",\"contentUrl\":\"https:\/\/salonpositiff.com\/wp-content\/uploads\/2025\/02\/Salon-Positiff-logo.png\",\"width\":1313,\"height\":1313,\"caption\":\"salonpositiff.com\"},\"image\":{\"@id\":\"https:\/\/salonpositiff.com\/#\/schema\/logo\/image\/\"},\"sameAs\":[\"https:\/\/www.facebook.com\/profile.php?id=61567445685902\",\"https:\/\/www.instagram.com\/salon.positiff\/\"]}]}<\/script>\n<!-- \/ Yoast SEO plugin. -->","yoast_head_json":{"title":"Galerie - salonpositiff.com","robots":{"index":"index","follow":"follow","max-snippet":"max-snippet:-1","max-image-preview":"max-image-preview:large","max-video-preview":"max-video-preview:-1"},"canonical":"https:\/\/salonpositiff.com\/?page_id=898","og_locale":"fr_FR","og_type":"article","og_title":"Galerie - salonpositiff.com","og_description":"Un aper\u00e7u D\u00e9couvrez nos r\u00e9alisations. Nouveau chez nous ? Recevez jusqu\u2019\u00e0 10 % de remise sur vos 3 premi\u00e8res visites. \u00a0 \ud83c\udf81 1re visite : -3 % \ud83c\udf81 2e visite : -5 % \ud83c\udf81 3e visite : -10 % Prenez rendez-vous d\u00e8s maintenant","og_url":"https:\/\/salonpositiff.com\/?page_id=898","og_site_name":"salonpositiff.com","article_publisher":"https:\/\/www.facebook.com\/profile.php?id=61567445685902","article_modified_time":"2025-12-14T18:35:29+00:00","og_image":[{"url":"https:\/\/salonpositiff.com\/wp-content\/uploads\/2025\/02\/7-2-scaled.webp","type":"","width":"","height":""}],"twitter_card":"summary_large_image","twitter_misc":{"Dur\u00e9e de lecture estim\u00e9e":"2 minutes"},"schema":{"@context":"https:\/\/schema.org","@graph":[{"@type":"WebPage","@id":"https:\/\/salonpositiff.com\/?page_id=898","url":"https:\/\/salonpositiff.com\/?page_id=898","name":"Galerie - salonpositiff.com","isPartOf":{"@id":"https:\/\/salonpositiff.com\/#website"},"primaryImageOfPage":{"@id":"https:\/\/salonpositiff.com\/?page_id=898#primaryimage"},"image":{"@id":"https:\/\/salonpositiff.com\/?page_id=898#primaryimage"},"thumbnailUrl":"https:\/\/salonpositiff.com\/wp-content\/uploads\/2025\/02\/7-2-scaled.webp","datePublished":"2025-02-11T14:05:01+00:00","dateModified":"2025-12-14T18:35:29+00:00","breadcrumb":{"@id":"https:\/\/salonpositiff.com\/?page_id=898#breadcrumb"},"inLanguage":"fr-FR","potentialAction":[{"@type":"ReadAction","target":["https:\/\/salonpositiff.com\/?page_id=898"]}]},{"@type":"ImageObject","inLanguage":"fr-FR","@id":"https:\/\/salonpositiff.com\/?page_id=898#primaryimage","url":"https:\/\/salonpositiff.com\/wp-content\/uploads\/2025\/02\/7-2-scaled.webp","contentUrl":"https:\/\/salonpositiff.com\/wp-content\/uploads\/2025\/02\/7-2-scaled.webp"},{"@type":"BreadcrumbList","@id":"https:\/\/salonpositiff.com\/?page_id=898#breadcrumb","itemListElement":[{"@type":"ListItem","position":1,"name":"Accueil","item":"https:\/\/salonpositiff.com\/"},{"@type":"ListItem","position":2,"name":"Galerie"}]},{"@type":"WebSite","@id":"https:\/\/salonpositiff.com\/#website","url":"https:\/\/salonpositiff.com\/","name":"salonpositiff.com","description":"","publisher":{"@id":"https:\/\/salonpositiff.com\/#organization"},"potentialAction":[{"@type":"SearchAction","target":{"@type":"EntryPoint","urlTemplate":"https:\/\/salonpositiff.com\/?s={search_term_string}"},"query-input":{"@type":"PropertyValueSpecification","valueRequired":true,"valueName":"search_term_string"}}],"inLanguage":"fr-FR"},{"@type":"Organization","@id":"https:\/\/salonpositiff.com\/#organization","name":"salonpositiff.com","url":"https:\/\/salonpositiff.com\/","logo":{"@type":"ImageObject","inLanguage":"fr-FR","@id":"https:\/\/salonpositiff.com\/#\/schema\/logo\/image\/","url":"https:\/\/salonpositiff.com\/wp-content\/uploads\/2025\/02\/Salon-Positiff-logo.png","contentUrl":"https:\/\/salonpositiff.com\/wp-content\/uploads\/2025\/02\/Salon-Positiff-logo.png","width":1313,"height":1313,"caption":"salonpositiff.com"},"image":{"@id":"https:\/\/salonpositiff.com\/#\/schema\/logo\/image\/"},"sameAs":["https:\/\/www.facebook.com\/profile.php?id=61567445685902","https:\/\/www.instagram.com\/salon.positiff\/"]}]}},"_links":{"self":[{"href":"https:\/\/salonpositiff.com\/index.php?rest_route=\/wp\/v2\/pages\/898","targetHints":{"allow":["GET"]}}],"collection":[{"href":"https:\/\/salonpositiff.com\/index.php?rest_route=\/wp\/v2\/pages"}],"about":[{"href":"https:\/\/salonpositiff.com\/index.php?rest_route=\/wp\/v2\/types\/page"}],"author":[{"embeddable":true,"href":"https:\/\/salonpositiff.com\/index.php?rest_route=\/wp\/v2\/users\/1"}],"replies":[{"embeddable":true,"href":"https:\/\/salonpositiff.com\/index.php?rest_route=%2Fwp%2Fv2%2Fcomments&post=898"}],"version-history":[{"count":16,"href":"https:\/\/salonpositiff.com\/index.php?rest_route=\/wp\/v2\/pages\/898\/revisions"}],"predecessor-version":[{"id":1157,"href":"https:\/\/salonpositiff.com\/index.php?rest_route=\/wp\/v2\/pages\/898\/revisions\/1157"}],"wp:attachment":[{"href":"https:\/\/salonpositiff.com\/index.php?rest_route=%2Fwp%2Fv2%2Fmedia&parent=898"}],"curies":[{"name":"wp","href":"https:\/\/api.w.org\/{rel}","templated":true}]}}