{"id":1064,"date":"2025-02-24T10:41:54","date_gmt":"2025-02-24T10:41:54","guid":{"rendered":"https:\/\/salonpositiff.com\/?page_id=1064"},"modified":"2025-02-24T10:42:30","modified_gmt":"2025-02-24T10:42:30","slug":"mentions-legales","status":"publish","type":"page","link":"https:\/\/salonpositiff.com\/?page_id=1064","title":{"rendered":"Mentions l\u00e9gales"},"content":{"rendered":"\t\t<div data-elementor-type=\"wp-page\" data-elementor-id=\"1064\" class=\"elementor elementor-1064\">\n\t\t\t\t<div class=\"elementor-element elementor-element-a3a32c1 e-flex e-con-boxed wpr-particle-no wpr-jarallax-no wpr-parallax-no wpr-sticky-section-no e-con e-parent\" data-id=\"a3a32c1\" data-element_type=\"container\">\n\t\t\t\t\t<div class=\"e-con-inner\">\n\t\t\t\t<div class=\"elementor-element elementor-element-6122cfc elementor-widget elementor-widget-text-editor\" data-id=\"6122cfc\" data-element_type=\"widget\" data-widget_type=\"text-editor.default\">\n\t\t\t\t<div class=\"elementor-widget-container\">\n\t\t\t\t\t\t\t\t\t<h3>Editeur du site<\/h3><p><br \/>Le pr\u00e9sent site web est \u00e9dit\u00e9 par Salon Positiff.<br \/><br \/>Immatricul\u00e9e au Registre du commerce et des soci\u00e9t\u00e9s de Mulhouse sous le num\u00e9ro SIRET : 40239800200012<br \/>Adresse : 2 Rue de Colmar, 68270 Wittenheim<br \/>T\u00e9l\u00e9phone : 03 89 62 04 80<br \/>Directeur de la publication : Val\u00e9rie Poncet<\/p><h3>H\u00e9bergeur<\/h3><p><br \/>Le pr\u00e9sent site web est h\u00e9berg\u00e9 par\u00a0:<br \/><br \/>Hostinger\u00a0<br \/>Le site salonpositiff.com est he\u0301berge\u0301 par HOSTINGER, dont le sie\u0300ge social est situe\u0301 HOSTINGER INTERNATIONAL LTD, 61 Lordou Vironos Street, 6023 Larnaca, Chypre, joignable par le moyen suivant :https:\/\/www.hostinger.fr\/contact.<\/p>\t\t\t\t\t\t\t\t<\/div>\n\t\t\t\t<\/div>\n\t\t\t\t\t<\/div>\n\t\t\t\t<\/div>\n\t\t\t\t<\/div>\n\t\t","protected":false},"excerpt":{"rendered":"<p>Editeur du site Le pr\u00e9sent site web est \u00e9dit\u00e9 par Salon Positiff. Immatricul\u00e9e au Registre du commerce et des soci\u00e9t\u00e9s de Mulhouse sous le num\u00e9ro SIRET : 40239800200012Adresse : 2 Rue de Colmar, 68270 WittenheimT\u00e9l\u00e9phone : 03 89 62 04 80Directeur de la publication : Val\u00e9rie Poncet H\u00e9bergeur Le pr\u00e9sent site web est h\u00e9berg\u00e9 par\u00a0: Hostinger\u00a0Le site salonpositiff.com est he\u0301berge\u0301 par HOSTINGER, dont le sie\u0300ge social est situe\u0301 HOSTINGER INTERNATIONAL LTD, 61 Lordou Vironos Street, 6023 Larnaca, Chypre, joignable par le moyen suivant :https:\/\/www.hostinger.fr\/contact.<\/p>\n","protected":false},"author":1,"featured_media":0,"parent":0,"menu_order":0,"comment_status":"closed","ping_status":"closed","template":"","meta":{"site-sidebar-layout":"no-sidebar","site-content-layout":"","ast-site-content-layout":"full-width-container","site-content-style":"default","site-sidebar-style":"default","ast-global-header-display":"","ast-banner-title-visibility":"","ast-main-header-display":"","ast-hfb-above-header-display":"","ast-hfb-below-header-display":"","ast-hfb-mobile-header-display":"","site-post-title":"disabled","ast-breadcrumbs-content":"","ast-featured-img":"disabled","footer-sml-layout":"","theme-transparent-header-meta":"","adv-header-id-meta":"","stick-header-meta":"","header-above-stick-meta":"","header-main-stick-meta":"","header-below-stick-meta":"","astra-migrate-meta-layouts":"default","ast-page-background-enabled":"default","ast-page-background-meta":{"desktop":{"background-color":"var(--ast-global-color-5)","background-image":"","background-repeat":"repeat","background-position":"center center","background-size":"auto","background-attachment":"scroll","background-type":"","background-media":"","overlay-type":"","overlay-color":"","overlay-opacity":"","overlay-gradient":""},"tablet":{"background-color":"","background-image":"","background-repeat":"repeat","background-position":"center center","background-size":"auto","background-attachment":"scroll","background-type":"","background-media":"","overlay-type":"","overlay-color":"","overlay-opacity":"","overlay-gradient":""},"mobile":{"background-color":"","background-image":"","background-repeat":"repeat","background-position":"center center","background-size":"auto","background-attachment":"scroll","background-type":"","background-media":"","overlay-type":"","overlay-color":"","overlay-opacity":"","overlay-gradient":""}},"ast-content-background-meta":{"desktop":{"background-color":"var(--ast-global-color-4)","background-image":"","background-repeat":"repeat","background-position":"center center","background-size":"auto","background-attachment":"scroll","background-type":"","background-media":"","overlay-type":"","overlay-color":"","overlay-opacity":"","overlay-gradient":""},"tablet":{"background-color":"var(--ast-global-color-4)","background-image":"","background-repeat":"repeat","background-position":"center center","background-size":"auto","background-attachment":"scroll","background-type":"","background-media":"","overlay-type":"","overlay-color":"","overlay-opacity":"","overlay-gradient":""},"mobile":{"background-color":"var(--ast-global-color-4)","background-image":"","background-repeat":"repeat","background-position":"center center","background-size":"auto","background-attachment":"scroll","background-type":"","background-media":"","overlay-type":"","overlay-color":"","overlay-opacity":"","overlay-gradient":""}},"footnotes":""},"class_list":["post-1064","page","type-page","status-publish","hentry"],"yoast_head":"<!-- This site is optimized with the Yoast SEO plugin v25.2 - https:\/\/yoast.com\/wordpress\/plugins\/seo\/ -->\n<title>Mentions l\u00e9gales - salonpositiff.com<\/title>\n<meta name=\"robots\" content=\"index, follow, max-snippet:-1, max-image-preview:large, max-video-preview:-1\" \/>\n<link rel=\"canonical\" href=\"https:\/\/salonpositiff.com\/?page_id=1064\" \/>\n<meta property=\"og:locale\" content=\"fr_FR\" \/>\n<meta property=\"og:type\" content=\"article\" \/>\n<meta property=\"og:title\" content=\"Mentions l\u00e9gales - salonpositiff.com\" \/>\n<meta property=\"og:description\" content=\"Editeur du site Le pr\u00e9sent site web est \u00e9dit\u00e9 par Salon Positiff. Immatricul\u00e9e au Registre du commerce et des soci\u00e9t\u00e9s de Mulhouse sous le num\u00e9ro SIRET : 40239800200012Adresse : 2 Rue de Colmar, 68270 WittenheimT\u00e9l\u00e9phone : 03 89 62 04 80Directeur de la publication : Val\u00e9rie Poncet H\u00e9bergeur Le pr\u00e9sent site web est h\u00e9berg\u00e9 par\u00a0: Hostinger\u00a0Le site salonpositiff.com est he\u0301berge\u0301 par HOSTINGER, dont le sie\u0300ge social est situe\u0301 HOSTINGER INTERNATIONAL LTD, 61 Lordou Vironos Street, 6023 Larnaca, Chypre, joignable par le moyen suivant :https:\/\/www.hostinger.fr\/contact.\" \/>\n<meta property=\"og:url\" content=\"https:\/\/salonpositiff.com\/?page_id=1064\" \/>\n<meta property=\"og:site_name\" content=\"salonpositiff.com\" \/>\n<meta property=\"article:publisher\" content=\"https:\/\/www.facebook.com\/profile.php?id=61567445685902\" \/>\n<meta property=\"article:modified_time\" content=\"2025-02-24T10:42:30+00:00\" \/>\n<meta name=\"twitter:card\" content=\"summary_large_image\" \/>\n<meta name=\"twitter:label1\" content=\"Dur\u00e9e de lecture estim\u00e9e\" \/>\n\t<meta name=\"twitter:data1\" content=\"1 minute\" \/>\n<script type=\"application\/ld+json\" class=\"yoast-schema-graph\">{\"@context\":\"https:\/\/schema.org\",\"@graph\":[{\"@type\":\"WebPage\",\"@id\":\"https:\/\/salonpositiff.com\/?page_id=1064\",\"url\":\"https:\/\/salonpositiff.com\/?page_id=1064\",\"name\":\"Mentions l\u00e9gales - salonpositiff.com\",\"isPartOf\":{\"@id\":\"https:\/\/salonpositiff.com\/#website\"},\"datePublished\":\"2025-02-24T10:41:54+00:00\",\"dateModified\":\"2025-02-24T10:42:30+00:00\",\"breadcrumb\":{\"@id\":\"https:\/\/salonpositiff.com\/?page_id=1064#breadcrumb\"},\"inLanguage\":\"fr-FR\",\"potentialAction\":[{\"@type\":\"ReadAction\",\"target\":[\"https:\/\/salonpositiff.com\/?page_id=1064\"]}]},{\"@type\":\"BreadcrumbList\",\"@id\":\"https:\/\/salonpositiff.com\/?page_id=1064#breadcrumb\",\"itemListElement\":[{\"@type\":\"ListItem\",\"position\":1,\"name\":\"Accueil\",\"item\":\"https:\/\/salonpositiff.com\/\"},{\"@type\":\"ListItem\",\"position\":2,\"name\":\"Mentions l\u00e9gales\"}]},{\"@type\":\"WebSite\",\"@id\":\"https:\/\/salonpositiff.com\/#website\",\"url\":\"https:\/\/salonpositiff.com\/\",\"name\":\"salonpositiff.com\",\"description\":\"\",\"publisher\":{\"@id\":\"https:\/\/salonpositiff.com\/#organization\"},\"potentialAction\":[{\"@type\":\"SearchAction\",\"target\":{\"@type\":\"EntryPoint\",\"urlTemplate\":\"https:\/\/salonpositiff.com\/?s={search_term_string}\"},\"query-input\":{\"@type\":\"PropertyValueSpecification\",\"valueRequired\":true,\"valueName\":\"search_term_string\"}}],\"inLanguage\":\"fr-FR\"},{\"@type\":\"Organization\",\"@id\":\"https:\/\/salonpositiff.com\/#organization\",\"name\":\"salonpositiff.com\",\"url\":\"https:\/\/salonpositiff.com\/\",\"logo\":{\"@type\":\"ImageObject\",\"inLanguage\":\"fr-FR\",\"@id\":\"https:\/\/salonpositiff.com\/#\/schema\/logo\/image\/\",\"url\":\"https:\/\/salonpositiff.com\/wp-content\/uploads\/2025\/02\/Salon-Positiff-logo.png\",\"contentUrl\":\"https:\/\/salonpositiff.com\/wp-content\/uploads\/2025\/02\/Salon-Positiff-logo.png\",\"width\":1313,\"height\":1313,\"caption\":\"salonpositiff.com\"},\"image\":{\"@id\":\"https:\/\/salonpositiff.com\/#\/schema\/logo\/image\/\"},\"sameAs\":[\"https:\/\/www.facebook.com\/profile.php?id=61567445685902\",\"https:\/\/www.instagram.com\/salon.positiff\/\"]}]}<\/script>\n<!-- \/ Yoast SEO plugin. -->","yoast_head_json":{"title":"Mentions l\u00e9gales - salonpositiff.com","robots":{"index":"index","follow":"follow","max-snippet":"max-snippet:-1","max-image-preview":"max-image-preview:large","max-video-preview":"max-video-preview:-1"},"canonical":"https:\/\/salonpositiff.com\/?page_id=1064","og_locale":"fr_FR","og_type":"article","og_title":"Mentions l\u00e9gales - salonpositiff.com","og_description":"Editeur du site Le pr\u00e9sent site web est \u00e9dit\u00e9 par Salon Positiff. Immatricul\u00e9e au Registre du commerce et des soci\u00e9t\u00e9s de Mulhouse sous le num\u00e9ro SIRET : 40239800200012Adresse : 2 Rue de Colmar, 68270 WittenheimT\u00e9l\u00e9phone : 03 89 62 04 80Directeur de la publication : Val\u00e9rie Poncet H\u00e9bergeur Le pr\u00e9sent site web est h\u00e9berg\u00e9 par\u00a0: Hostinger\u00a0Le site salonpositiff.com est he\u0301berge\u0301 par HOSTINGER, dont le sie\u0300ge social est situe\u0301 HOSTINGER INTERNATIONAL LTD, 61 Lordou Vironos Street, 6023 Larnaca, Chypre, joignable par le moyen suivant :https:\/\/www.hostinger.fr\/contact.","og_url":"https:\/\/salonpositiff.com\/?page_id=1064","og_site_name":"salonpositiff.com","article_publisher":"https:\/\/www.facebook.com\/profile.php?id=61567445685902","article_modified_time":"2025-02-24T10:42:30+00:00","twitter_card":"summary_large_image","twitter_misc":{"Dur\u00e9e de lecture estim\u00e9e":"1 minute"},"schema":{"@context":"https:\/\/schema.org","@graph":[{"@type":"WebPage","@id":"https:\/\/salonpositiff.com\/?page_id=1064","url":"https:\/\/salonpositiff.com\/?page_id=1064","name":"Mentions l\u00e9gales - salonpositiff.com","isPartOf":{"@id":"https:\/\/salonpositiff.com\/#website"},"datePublished":"2025-02-24T10:41:54+00:00","dateModified":"2025-02-24T10:42:30+00:00","breadcrumb":{"@id":"https:\/\/salonpositiff.com\/?page_id=1064#breadcrumb"},"inLanguage":"fr-FR","potentialAction":[{"@type":"ReadAction","target":["https:\/\/salonpositiff.com\/?page_id=1064"]}]},{"@type":"BreadcrumbList","@id":"https:\/\/salonpositiff.com\/?page_id=1064#breadcrumb","itemListElement":[{"@type":"ListItem","position":1,"name":"Accueil","item":"https:\/\/salonpositiff.com\/"},{"@type":"ListItem","position":2,"name":"Mentions l\u00e9gales"}]},{"@type":"WebSite","@id":"https:\/\/salonpositiff.com\/#website","url":"https:\/\/salonpositiff.com\/","name":"salonpositiff.com","description":"","publisher":{"@id":"https:\/\/salonpositiff.com\/#organization"},"potentialAction":[{"@type":"SearchAction","target":{"@type":"EntryPoint","urlTemplate":"https:\/\/salonpositiff.com\/?s={search_term_string}"},"query-input":{"@type":"PropertyValueSpecification","valueRequired":true,"valueName":"search_term_string"}}],"inLanguage":"fr-FR"},{"@type":"Organization","@id":"https:\/\/salonpositiff.com\/#organization","name":"salonpositiff.com","url":"https:\/\/salonpositiff.com\/","logo":{"@type":"ImageObject","inLanguage":"fr-FR","@id":"https:\/\/salonpositiff.com\/#\/schema\/logo\/image\/","url":"https:\/\/salonpositiff.com\/wp-content\/uploads\/2025\/02\/Salon-Positiff-logo.png","contentUrl":"https:\/\/salonpositiff.com\/wp-content\/uploads\/2025\/02\/Salon-Positiff-logo.png","width":1313,"height":1313,"caption":"salonpositiff.com"},"image":{"@id":"https:\/\/salonpositiff.com\/#\/schema\/logo\/image\/"},"sameAs":["https:\/\/www.facebook.com\/profile.php?id=61567445685902","https:\/\/www.instagram.com\/salon.positiff\/"]}]}},"_links":{"self":[{"href":"https:\/\/salonpositiff.com\/index.php?rest_route=\/wp\/v2\/pages\/1064","targetHints":{"allow":["GET"]}}],"collection":[{"href":"https:\/\/salonpositiff.com\/index.php?rest_route=\/wp\/v2\/pages"}],"about":[{"href":"https:\/\/salonpositiff.com\/index.php?rest_route=\/wp\/v2\/types\/page"}],"author":[{"embeddable":true,"href":"https:\/\/salonpositiff.com\/index.php?rest_route=\/wp\/v2\/users\/1"}],"replies":[{"embeddable":true,"href":"https:\/\/salonpositiff.com\/index.php?rest_route=%2Fwp%2Fv2%2Fcomments&post=1064"}],"version-history":[{"count":4,"href":"https:\/\/salonpositiff.com\/index.php?rest_route=\/wp\/v2\/pages\/1064\/revisions"}],"predecessor-version":[{"id":1068,"href":"https:\/\/salonpositiff.com\/index.php?rest_route=\/wp\/v2\/pages\/1064\/revisions\/1068"}],"wp:attachment":[{"href":"https:\/\/salonpositiff.com\/index.php?rest_route=%2Fwp%2Fv2%2Fmedia&parent=1064"}],"curies":[{"name":"wp","href":"https:\/\/api.w.org\/{rel}","templated":true}]}}